{"id":635,"date":"2023-05-25T16:27:04","date_gmt":"2023-05-25T16:27:04","guid":{"rendered":"https:\/\/highridge.sites1.jaspin.website\/instalacion-de-cesped\/"},"modified":"2023-07-18T16:47:32","modified_gmt":"2023-07-18T16:47:32","slug":"instalacion-de-cesped","status":"publish","type":"page","link":"https:\/\/highridge.sites1.jaspin.website\/es\/instalacion-de-cesped\/","title":{"rendered":"Instalaci\u00f3n de c\u00e9sped"},"content":{"rendered":"\t\t<div data-elementor-type=\"wp-page\" data-elementor-id=\"635\" class=\"elementor elementor-635 elementor-172\" data-elementor-post-type=\"page\">\n\t\t\t\t\t\t<section class=\"elementor-section elementor-top-section elementor-element elementor-element-1100b18 elementor-section-boxed elementor-section-height-default elementor-section-height-default\" data-id=\"1100b18\" data-element_type=\"section\">\n\t\t\t\t\t\t<div class=\"elementor-container elementor-column-gap-no\">\n\t\t\t\t\t<div class=\"elementor-column elementor-col-50 elementor-top-column elementor-element elementor-element-49af1897\" data-id=\"49af1897\" data-element_type=\"column\" data-settings=\"{&quot;background_background&quot;:&quot;classic&quot;}\">\n\t\t\t<div class=\"elementor-widget-wrap elementor-element-populated\">\n\t\t\t\t\t\t<div class=\"elementor-element elementor-element-858d3b2 elementor-widget elementor-widget-global elementor-global-668 elementor-global-502 elementor-widget-spacer\" data-id=\"858d3b2\" data-element_type=\"widget\" data-widget_type=\"spacer.default\">\n\t\t\t\t<div class=\"elementor-widget-container\">\n\t\t\t\t\t\t\t<div class=\"elementor-spacer\">\n\t\t\t<div class=\"elementor-spacer-inner\"><\/div>\n\t\t<\/div>\n\t\t\t\t\t\t<\/div>\n\t\t\t\t<\/div>\n\t\t\t\t\t<\/div>\n\t\t<\/div>\n\t\t\t\t<div class=\"elementor-column elementor-col-50 elementor-top-column elementor-element elementor-element-48502745\" data-id=\"48502745\" data-element_type=\"column\" data-settings=\"{&quot;background_background&quot;:&quot;classic&quot;}\">\n\t\t\t<div class=\"elementor-widget-wrap elementor-element-populated\">\n\t\t\t\t\t\t<div class=\"elementor-element elementor-element-3cbc2f64 elementor-widget elementor-widget-heading\" data-id=\"3cbc2f64\" data-element_type=\"widget\" data-widget_type=\"heading.default\">\n\t\t\t\t<div class=\"elementor-widget-container\">\n\t\t\t\t\t<h3 class=\"elementor-heading-title elementor-size-default\">Precioso c\u00e9sped verde<\/h3>\t\t\t\t<\/div>\n\t\t\t\t<\/div>\n\t\t\t\t<div class=\"elementor-element elementor-element-7c6cbe9a elementor-invisible elementor-widget elementor-widget-text-editor\" data-id=\"7c6cbe9a\" data-element_type=\"widget\" data-settings=\"{&quot;_animation&quot;:&quot;fadeInUp&quot;}\" data-widget_type=\"text-editor.default\">\n\t\t\t\t<div class=\"elementor-widget-container\">\n\t\t\t\t\t\t\t\t\t<p>La instalaci\u00f3n de tepes da vida a un paisaje existente. De principio a fin, Highridge Landscape puede proporcionar todo lo necesario para asegurarse de que su instalaci\u00f3n de c\u00e9sped es un \u00e9xito. Nos centramos en variedades de c\u00e9sped resistentes a la sequ\u00eda que soportan un gran desgaste. La instalaci\u00f3n del c\u00e9sped la realizan nuestros expertos de Highridge Landscape.<\/p>\n<p>Si desea un c\u00e9sped verde y precioso sin el esfuerzo de tener que sembrar y abonar la tierra para que brote, deber\u00eda plantearse la instalaci\u00f3n de tepes. La instalaci\u00f3n de tepes es una forma r\u00e1pida y sencilla de conseguir un c\u00e9sped bonito sin el tiempo y las molestias de la siembra tradicional. Para obtener m\u00e1s informaci\u00f3n sobre la instalaci\u00f3n de tepes y por qu\u00e9 deber\u00eda tenerla en cuenta para su paisajismo, p\u00f3ngase en contacto con nosotros hoy mismo.<\/p>\n\t\t\t\t\t\t\t\t<\/div>\n\t\t\t\t<\/div>\n\t\t\t\t<div class=\"elementor-element elementor-element-322dde8 elementor-widget elementor-widget-global elementor-global-676 elementor-global-446 elementor-widget-button\" data-id=\"322dde8\" data-element_type=\"widget\" data-widget_type=\"button.default\">\n\t\t\t\t<div class=\"elementor-widget-container\">\n\t\t\t\t\t\t\t\t\t<div class=\"elementor-button-wrapper\">\n\t\t\t\t\t<a class=\"elementor-button elementor-button-link elementor-size-sm\" href=\"https:\/\/highridge.sites1.jaspin.website\/es\/contacte-con\/\">\n\t\t\t\t\t\t<span class=\"elementor-button-content-wrapper\">\n\t\t\t\t\t\t\t\t\t<span class=\"elementor-button-text\">P\u00f3ngase en contacto con nosotros<\/span>\n\t\t\t\t\t<\/span>\n\t\t\t\t\t<\/a>\n\t\t\t\t<\/div>\n\t\t\t\t\t\t\t\t<\/div>\n\t\t\t\t<\/div>\n\t\t\t\t\t<\/div>\n\t\t<\/div>\n\t\t\t\t\t<\/div>\n\t\t<\/section>\n\t\t\t\t<section class=\"elementor-section elementor-top-section elementor-element elementor-element-5d87e155 elementor-section-full_width elementor-section-height-default elementor-section-height-default\" data-id=\"5d87e155\" data-element_type=\"section\">\n\t\t\t\t\t\t<div class=\"elementor-container elementor-column-gap-no\">\n\t\t\t\t\t<div class=\"elementor-column elementor-col-100 elementor-top-column elementor-element elementor-element-79749bdb\" data-id=\"79749bdb\" data-element_type=\"column\">\n\t\t\t<div class=\"elementor-widget-wrap elementor-element-populated\">\n\t\t\t\t\t\t<div class=\"elementor-element elementor-element-4bd879da elementor-widget elementor-widget-gallery\" data-id=\"4bd879da\" data-element_type=\"widget\" data-settings=\"{&quot;columns&quot;:5,&quot;lazyload&quot;:&quot;yes&quot;,&quot;gallery_layout&quot;:&quot;grid&quot;,&quot;columns_tablet&quot;:2,&quot;columns_mobile&quot;:1,&quot;gap&quot;:{&quot;unit&quot;:&quot;px&quot;,&quot;size&quot;:10,&quot;sizes&quot;:[]},&quot;gap_tablet&quot;:{&quot;unit&quot;:&quot;px&quot;,&quot;size&quot;:10,&quot;sizes&quot;:[]},&quot;gap_mobile&quot;:{&quot;unit&quot;:&quot;px&quot;,&quot;size&quot;:10,&quot;sizes&quot;:[]},&quot;link_to&quot;:&quot;file&quot;,&quot;aspect_ratio&quot;:&quot;3:2&quot;,&quot;overlay_background&quot;:&quot;yes&quot;,&quot;content_hover_animation&quot;:&quot;fade-in&quot;}\" data-widget_type=\"gallery.default\">\n\t\t\t\t<div class=\"elementor-widget-container\">\n\t\t\t\t\t\t\t<div class=\"elementor-gallery__container\">\n\t\t\t\t\t\t\t<a class=\"e-gallery-item elementor-gallery-item elementor-animated-content\" href=\"https:\/\/highridge.sites1.jaspin.website\/wp-content\/uploads\/2023\/05\/1.jpeg\" data-elementor-open-lightbox=\"yes\" data-elementor-lightbox-slideshow=\"4bd879da\" data-elementor-lightbox-title=\"1\" data-e-action-hash=\"#elementor-action%3Aaction%3Dlightbox%26settings%3DeyJpZCI6MjQwLCJ1cmwiOiJodHRwczpcL1wvaGlnaHJpZGdlLnNpdGVzMS5qYXNwaW4ud2Vic2l0ZVwvd3AtY29udGVudFwvdXBsb2Fkc1wvMjAyM1wvMDVcLzEuanBlZyIsInNsaWRlc2hvdyI6IjRiZDg3OWRhIn0%3D\">\n\t\t\t\t\t<div class=\"e-gallery-image elementor-gallery-item__image\" data-thumbnail=\"https:\/\/highridge.sites1.jaspin.website\/wp-content\/uploads\/2023\/05\/1.jpeg\" data-width=\"1920\" data-height=\"1117\" aria-label=\"\" role=\"img\" ><\/div>\n\t\t\t\t\t\t\t\t\t\t\t<div class=\"elementor-gallery-item__overlay\"><\/div>\n\t\t\t\t\t\t\t\t\t\t\t\t\t\t<\/a>\n\t\t\t\t\t\t\t<a class=\"e-gallery-item elementor-gallery-item elementor-animated-content\" href=\"https:\/\/highridge.sites1.jaspin.website\/wp-content\/uploads\/2023\/05\/2.jpeg\" data-elementor-open-lightbox=\"yes\" data-elementor-lightbox-slideshow=\"4bd879da\" data-elementor-lightbox-title=\"2\" data-e-action-hash=\"#elementor-action%3Aaction%3Dlightbox%26settings%3DeyJpZCI6MjQxLCJ1cmwiOiJodHRwczpcL1wvaGlnaHJpZGdlLnNpdGVzMS5qYXNwaW4ud2Vic2l0ZVwvd3AtY29udGVudFwvdXBsb2Fkc1wvMjAyM1wvMDVcLzIuanBlZyIsInNsaWRlc2hvdyI6IjRiZDg3OWRhIn0%3D\">\n\t\t\t\t\t<div class=\"e-gallery-image elementor-gallery-item__image\" data-thumbnail=\"https:\/\/highridge.sites1.jaspin.website\/wp-content\/uploads\/2023\/05\/2.jpeg\" data-width=\"480\" data-height=\"640\" aria-label=\"\" role=\"img\" ><\/div>\n\t\t\t\t\t\t\t\t\t\t\t<div class=\"elementor-gallery-item__overlay\"><\/div>\n\t\t\t\t\t\t\t\t\t\t\t\t\t\t<\/a>\n\t\t\t\t\t\t\t<a class=\"e-gallery-item elementor-gallery-item elementor-animated-content\" href=\"https:\/\/highridge.sites1.jaspin.website\/wp-content\/uploads\/2023\/05\/3.jpeg\" data-elementor-open-lightbox=\"yes\" data-elementor-lightbox-slideshow=\"4bd879da\" data-elementor-lightbox-title=\"3\" data-e-action-hash=\"#elementor-action%3Aaction%3Dlightbox%26settings%3DeyJpZCI6MjQyLCJ1cmwiOiJodHRwczpcL1wvaGlnaHJpZGdlLnNpdGVzMS5qYXNwaW4ud2Vic2l0ZVwvd3AtY29udGVudFwvdXBsb2Fkc1wvMjAyM1wvMDVcLzMuanBlZyIsInNsaWRlc2hvdyI6IjRiZDg3OWRhIn0%3D\">\n\t\t\t\t\t<div class=\"e-gallery-image elementor-gallery-item__image\" data-thumbnail=\"https:\/\/highridge.sites1.jaspin.website\/wp-content\/uploads\/2023\/05\/3.jpeg\" data-width=\"1920\" data-height=\"1280\" aria-label=\"\" role=\"img\" ><\/div>\n\t\t\t\t\t\t\t\t\t\t\t<div class=\"elementor-gallery-item__overlay\"><\/div>\n\t\t\t\t\t\t\t\t\t\t\t\t\t\t<\/a>\n\t\t\t\t\t\t\t<a class=\"e-gallery-item elementor-gallery-item elementor-animated-content\" href=\"https:\/\/highridge.sites1.jaspin.website\/wp-content\/uploads\/2023\/05\/4.jpeg\" data-elementor-open-lightbox=\"yes\" data-elementor-lightbox-slideshow=\"4bd879da\" data-elementor-lightbox-title=\"4\" data-e-action-hash=\"#elementor-action%3Aaction%3Dlightbox%26settings%3DeyJpZCI6MjQzLCJ1cmwiOiJodHRwczpcL1wvaGlnaHJpZGdlLnNpdGVzMS5qYXNwaW4ud2Vic2l0ZVwvd3AtY29udGVudFwvdXBsb2Fkc1wvMjAyM1wvMDVcLzQuanBlZyIsInNsaWRlc2hvdyI6IjRiZDg3OWRhIn0%3D\">\n\t\t\t\t\t<div class=\"e-gallery-image elementor-gallery-item__image\" data-thumbnail=\"https:\/\/highridge.sites1.jaspin.website\/wp-content\/uploads\/2023\/05\/4.jpeg\" data-width=\"640\" data-height=\"480\" aria-label=\"\" role=\"img\" ><\/div>\n\t\t\t\t\t\t\t\t\t\t\t<div class=\"elementor-gallery-item__overlay\"><\/div>\n\t\t\t\t\t\t\t\t\t\t\t\t\t\t<\/a>\n\t\t\t\t\t\t\t<a class=\"e-gallery-item elementor-gallery-item elementor-animated-content\" href=\"https:\/\/highridge.sites1.jaspin.website\/wp-content\/uploads\/2023\/05\/5.png\" data-elementor-open-lightbox=\"yes\" data-elementor-lightbox-slideshow=\"4bd879da\" data-elementor-lightbox-title=\"5\" data-e-action-hash=\"#elementor-action%3Aaction%3Dlightbox%26settings%3DeyJpZCI6MjQ0LCJ1cmwiOiJodHRwczpcL1wvaGlnaHJpZGdlLnNpdGVzMS5qYXNwaW4ud2Vic2l0ZVwvd3AtY29udGVudFwvdXBsb2Fkc1wvMjAyM1wvMDVcLzUucG5nIiwic2xpZGVzaG93IjoiNGJkODc5ZGEifQ%3D%3D\">\n\t\t\t\t\t<div class=\"e-gallery-image elementor-gallery-item__image\" data-thumbnail=\"https:\/\/highridge.sites1.jaspin.website\/wp-content\/uploads\/2023\/05\/5.png\" data-width=\"640\" data-height=\"423\" aria-label=\"\" role=\"img\" ><\/div>\n\t\t\t\t\t\t\t\t\t\t\t<div class=\"elementor-gallery-item__overlay\"><\/div>\n\t\t\t\t\t\t\t\t\t\t\t\t\t\t<\/a>\n\t\t\t\t\t\t\t<a class=\"e-gallery-item elementor-gallery-item elementor-animated-content\" href=\"https:\/\/highridge.sites1.jaspin.website\/wp-content\/uploads\/2023\/05\/6.jpeg\" data-elementor-open-lightbox=\"yes\" data-elementor-lightbox-slideshow=\"4bd879da\" data-elementor-lightbox-title=\"6\" data-e-action-hash=\"#elementor-action%3Aaction%3Dlightbox%26settings%3DeyJpZCI6MjQ1LCJ1cmwiOiJodHRwczpcL1wvaGlnaHJpZGdlLnNpdGVzMS5qYXNwaW4ud2Vic2l0ZVwvd3AtY29udGVudFwvdXBsb2Fkc1wvMjAyM1wvMDVcLzYuanBlZyIsInNsaWRlc2hvdyI6IjRiZDg3OWRhIn0%3D\">\n\t\t\t\t\t<div class=\"e-gallery-image elementor-gallery-item__image\" data-thumbnail=\"https:\/\/highridge.sites1.jaspin.website\/wp-content\/uploads\/2023\/05\/6.jpeg\" data-width=\"640\" data-height=\"480\" aria-label=\"\" role=\"img\" ><\/div>\n\t\t\t\t\t\t\t\t\t\t\t<div class=\"elementor-gallery-item__overlay\"><\/div>\n\t\t\t\t\t\t\t\t\t\t\t\t\t\t<\/a>\n\t\t\t\t\t\t\t<a class=\"e-gallery-item elementor-gallery-item elementor-animated-content\" href=\"https:\/\/highridge.sites1.jaspin.website\/wp-content\/uploads\/2023\/05\/7.jpeg\" data-elementor-open-lightbox=\"yes\" data-elementor-lightbox-slideshow=\"4bd879da\" data-elementor-lightbox-title=\"7\" data-e-action-hash=\"#elementor-action%3Aaction%3Dlightbox%26settings%3DeyJpZCI6MjQ2LCJ1cmwiOiJodHRwczpcL1wvaGlnaHJpZGdlLnNpdGVzMS5qYXNwaW4ud2Vic2l0ZVwvd3AtY29udGVudFwvdXBsb2Fkc1wvMjAyM1wvMDVcLzcuanBlZyIsInNsaWRlc2hvdyI6IjRiZDg3OWRhIn0%3D\">\n\t\t\t\t\t<div class=\"e-gallery-image elementor-gallery-item__image\" data-thumbnail=\"https:\/\/highridge.sites1.jaspin.website\/wp-content\/uploads\/2023\/05\/7.jpeg\" data-width=\"640\" data-height=\"480\" aria-label=\"\" role=\"img\" ><\/div>\n\t\t\t\t\t\t\t\t\t\t\t<div class=\"elementor-gallery-item__overlay\"><\/div>\n\t\t\t\t\t\t\t\t\t\t\t\t\t\t<\/a>\n\t\t\t\t\t\t\t<a class=\"e-gallery-item elementor-gallery-item elementor-animated-content\" href=\"https:\/\/highridge.sites1.jaspin.website\/wp-content\/uploads\/2023\/05\/8.jpeg\" data-elementor-open-lightbox=\"yes\" data-elementor-lightbox-slideshow=\"4bd879da\" data-elementor-lightbox-title=\"8\" data-e-action-hash=\"#elementor-action%3Aaction%3Dlightbox%26settings%3DeyJpZCI6MjQ3LCJ1cmwiOiJodHRwczpcL1wvaGlnaHJpZGdlLnNpdGVzMS5qYXNwaW4ud2Vic2l0ZVwvd3AtY29udGVudFwvdXBsb2Fkc1wvMjAyM1wvMDVcLzguanBlZyIsInNsaWRlc2hvdyI6IjRiZDg3OWRhIn0%3D\">\n\t\t\t\t\t<div class=\"e-gallery-image elementor-gallery-item__image\" data-thumbnail=\"https:\/\/highridge.sites1.jaspin.website\/wp-content\/uploads\/2023\/05\/8.jpeg\" data-width=\"640\" data-height=\"640\" aria-label=\"\" role=\"img\" ><\/div>\n\t\t\t\t\t\t\t\t\t\t\t<div class=\"elementor-gallery-item__overlay\"><\/div>\n\t\t\t\t\t\t\t\t\t\t\t\t\t\t<\/a>\n\t\t\t\t\t\t\t<a class=\"e-gallery-item elementor-gallery-item elementor-animated-content\" href=\"https:\/\/highridge.sites1.jaspin.website\/wp-content\/uploads\/2023\/05\/11.jpeg\" data-elementor-open-lightbox=\"yes\" data-elementor-lightbox-slideshow=\"4bd879da\" data-elementor-lightbox-title=\"11\" data-e-action-hash=\"#elementor-action%3Aaction%3Dlightbox%26settings%3DeyJpZCI6MjUwLCJ1cmwiOiJodHRwczpcL1wvaGlnaHJpZGdlLnNpdGVzMS5qYXNwaW4ud2Vic2l0ZVwvd3AtY29udGVudFwvdXBsb2Fkc1wvMjAyM1wvMDVcLzExLmpwZWciLCJzbGlkZXNob3ciOiI0YmQ4NzlkYSJ9\">\n\t\t\t\t\t<div class=\"e-gallery-image elementor-gallery-item__image\" data-thumbnail=\"https:\/\/highridge.sites1.jaspin.website\/wp-content\/uploads\/2023\/05\/11.jpeg\" data-width=\"1920\" data-height=\"1012\" aria-label=\"\" role=\"img\" ><\/div>\n\t\t\t\t\t\t\t\t\t\t\t<div class=\"elementor-gallery-item__overlay\"><\/div>\n\t\t\t\t\t\t\t\t\t\t\t\t\t\t<\/a>\n\t\t\t\t\t\t\t<a class=\"e-gallery-item elementor-gallery-item elementor-animated-content\" href=\"https:\/\/highridge.sites1.jaspin.website\/wp-content\/uploads\/2023\/05\/12.jpeg\" data-elementor-open-lightbox=\"yes\" data-elementor-lightbox-slideshow=\"4bd879da\" data-elementor-lightbox-title=\"12\" data-e-action-hash=\"#elementor-action%3Aaction%3Dlightbox%26settings%3DeyJpZCI6MjUxLCJ1cmwiOiJodHRwczpcL1wvaGlnaHJpZGdlLnNpdGVzMS5qYXNwaW4ud2Vic2l0ZVwvd3AtY29udGVudFwvdXBsb2Fkc1wvMjAyM1wvMDVcLzEyLmpwZWciLCJzbGlkZXNob3ciOiI0YmQ4NzlkYSJ9\">\n\t\t\t\t\t<div class=\"e-gallery-image elementor-gallery-item__image\" data-thumbnail=\"https:\/\/highridge.sites1.jaspin.website\/wp-content\/uploads\/2023\/05\/12.jpeg\" data-width=\"480\" data-height=\"640\" aria-label=\"\" role=\"img\" ><\/div>\n\t\t\t\t\t\t\t\t\t\t\t<div class=\"elementor-gallery-item__overlay\"><\/div>\n\t\t\t\t\t\t\t\t\t\t\t\t\t\t<\/a>\n\t\t\t\t\t<\/div>\n\t\t\t\t\t<\/div>\n\t\t\t\t<\/div>\n\t\t\t\t\t<\/div>\n\t\t<\/div>\n\t\t\t\t\t<\/div>\n\t\t<\/section>\n\t\t\t\t<\/div>\n\t\t","protected":false},"excerpt":{"rendered":"<p>Precioso c\u00e9sped verde La instalaci\u00f3n de tepes da vida a un paisaje existente. De principio a fin, Highridge Landscape puede proporcionar todo lo necesario para asegurarse de que su instalaci\u00f3n de c\u00e9sped es un \u00e9xito. Nos centramos en variedades de c\u00e9sped resistentes a la sequ\u00eda que soportan un gran desgaste. La instalaci\u00f3n del c\u00e9sped la &hellip;<\/p>\n<p class=\"read-more\"> <a class=\"\" href=\"https:\/\/highridge.sites1.jaspin.website\/es\/instalacion-de-cesped\/\"> <span class=\"screen-reader-text\">Instalaci\u00f3n de c\u00e9sped<\/span> Leer m\u00e1s &raquo;<\/a><\/p>\n","protected":false},"author":1,"featured_media":598,"parent":0,"menu_order":0,"comment_status":"closed","ping_status":"closed","template":"","meta":{"site-sidebar-layout":"no-sidebar","site-content-layout":"page-builder","ast-global-header-display":"","ast-main-header-display":"","ast-hfb-above-header-display":"","ast-hfb-below-header-display":"","ast-hfb-mobile-header-display":"","site-post-title":"disabled","ast-breadcrumbs-content":"","ast-featured-img":"disabled","footer-sml-layout":"","theme-transparent-header-meta":"","adv-header-id-meta":"","stick-header-meta":"","header-above-stick-meta":"","header-main-stick-meta":"","header-below-stick-meta":"","footnotes":""},"class_list":["post-635","page","type-page","status-publish","has-post-thumbnail","hentry"],"yoast_head":"<!-- This site is optimized with the Yoast SEO plugin v24.2 - https:\/\/yoast.com\/wordpress\/plugins\/seo\/ -->\n<title>Instalaci\u00f3n de c\u00e9sped - Highridge Landscape Inc.<\/title>\n<meta name=\"robots\" content=\"noindex, follow, max-snippet:-1, max-image-preview:large, max-video-preview:-1\" \/>\n<meta property=\"og:locale\" content=\"es_ES\" \/>\n<meta property=\"og:type\" content=\"article\" \/>\n<meta property=\"og:title\" content=\"Instalaci\u00f3n de c\u00e9sped - Highridge Landscape Inc.\" \/>\n<meta property=\"og:description\" content=\"Precioso c\u00e9sped verde La instalaci\u00f3n de tepes da vida a un paisaje existente. De principio a fin, Highridge Landscape puede proporcionar todo lo necesario para asegurarse de que su instalaci\u00f3n de c\u00e9sped es un \u00e9xito. Nos centramos en variedades de c\u00e9sped resistentes a la sequ\u00eda que soportan un gran desgaste. La instalaci\u00f3n del c\u00e9sped la &hellip; Instalaci\u00f3n de c\u00e9sped Leer m\u00e1s &raquo;\" \/>\n<meta property=\"og:url\" content=\"https:\/\/highridge.sites1.jaspin.website\/es\/instalacion-de-cesped\/\" \/>\n<meta property=\"og:site_name\" content=\"Highridge Landscape Inc.\" \/>\n<meta property=\"article:modified_time\" content=\"2023-07-18T16:47:32+00:00\" \/>\n<meta property=\"og:image\" content=\"https:\/\/highridge.sites1.jaspin.website\/wp-content\/uploads\/2023\/05\/IMG_3192-2.jpg\" \/>\n\t<meta property=\"og:image:width\" content=\"1043\" \/>\n\t<meta property=\"og:image:height\" content=\"641\" \/>\n\t<meta property=\"og:image:type\" content=\"image\/jpeg\" \/>\n<meta name=\"twitter:card\" content=\"summary_large_image\" \/>\n<meta name=\"twitter:label1\" content=\"Tiempo de lectura\" \/>\n\t<meta name=\"twitter:data1\" content=\"1 minuto\" \/>\n<script type=\"application\/ld+json\" class=\"yoast-schema-graph\">{\"@context\":\"https:\/\/schema.org\",\"@graph\":[{\"@type\":\"WebPage\",\"@id\":\"https:\/\/highridge.sites1.jaspin.website\/es\/instalacion-de-cesped\/\",\"url\":\"https:\/\/highridge.sites1.jaspin.website\/es\/instalacion-de-cesped\/\",\"name\":\"Instalaci\u00f3n de c\u00e9sped - Highridge Landscape Inc.\",\"isPartOf\":{\"@id\":\"https:\/\/highridge.sites1.jaspin.website\/#website\"},\"primaryImageOfPage\":{\"@id\":\"https:\/\/highridge.sites1.jaspin.website\/es\/instalacion-de-cesped\/#primaryimage\"},\"image\":{\"@id\":\"https:\/\/highridge.sites1.jaspin.website\/es\/instalacion-de-cesped\/#primaryimage\"},\"thumbnailUrl\":\"https:\/\/highridge.sites1.jaspin.website\/wp-content\/uploads\/2023\/05\/IMG_3192-2.jpg\",\"datePublished\":\"2023-05-25T16:27:04+00:00\",\"dateModified\":\"2023-07-18T16:47:32+00:00\",\"breadcrumb\":{\"@id\":\"https:\/\/highridge.sites1.jaspin.website\/es\/instalacion-de-cesped\/#breadcrumb\"},\"inLanguage\":\"es\",\"potentialAction\":[{\"@type\":\"ReadAction\",\"target\":[\"https:\/\/highridge.sites1.jaspin.website\/es\/instalacion-de-cesped\/\"]}]},{\"@type\":\"ImageObject\",\"inLanguage\":\"es\",\"@id\":\"https:\/\/highridge.sites1.jaspin.website\/es\/instalacion-de-cesped\/#primaryimage\",\"url\":\"https:\/\/highridge.sites1.jaspin.website\/wp-content\/uploads\/2023\/05\/IMG_3192-2.jpg\",\"contentUrl\":\"https:\/\/highridge.sites1.jaspin.website\/wp-content\/uploads\/2023\/05\/IMG_3192-2.jpg\",\"width\":1043,\"height\":641},{\"@type\":\"BreadcrumbList\",\"@id\":\"https:\/\/highridge.sites1.jaspin.website\/es\/instalacion-de-cesped\/#breadcrumb\",\"itemListElement\":[{\"@type\":\"ListItem\",\"position\":1,\"name\":\"Home\",\"item\":\"https:\/\/highridge.sites1.jaspin.website\/es\/inicio\/\"},{\"@type\":\"ListItem\",\"position\":2,\"name\":\"Instalaci\u00f3n de c\u00e9sped\"}]},{\"@type\":\"WebSite\",\"@id\":\"https:\/\/highridge.sites1.jaspin.website\/#website\",\"url\":\"https:\/\/highridge.sites1.jaspin.website\/\",\"name\":\"Highridge Landscape Inc.\",\"description\":\"Just another Template Kits site\",\"publisher\":{\"@id\":\"https:\/\/highridge.sites1.jaspin.website\/#organization\"},\"potentialAction\":[{\"@type\":\"SearchAction\",\"target\":{\"@type\":\"EntryPoint\",\"urlTemplate\":\"https:\/\/highridge.sites1.jaspin.website\/?s={search_term_string}\"},\"query-input\":{\"@type\":\"PropertyValueSpecification\",\"valueRequired\":true,\"valueName\":\"search_term_string\"}}],\"inLanguage\":\"es\"},{\"@type\":\"Organization\",\"@id\":\"https:\/\/highridge.sites1.jaspin.website\/#organization\",\"name\":\"Highridge Landscape Inc.\",\"url\":\"https:\/\/highridge.sites1.jaspin.website\/\",\"logo\":{\"@type\":\"ImageObject\",\"inLanguage\":\"es\",\"@id\":\"https:\/\/highridge.sites1.jaspin.website\/#\/schema\/logo\/image\/\",\"url\":\"https:\/\/highridge.sites1.jaspin.website\/wp-content\/uploads\/2023\/05\/highridge-landscape-logo-wht-1.png\",\"contentUrl\":\"https:\/\/highridge.sites1.jaspin.website\/wp-content\/uploads\/2023\/05\/highridge-landscape-logo-wht-1.png\",\"width\":900,\"height\":298,\"caption\":\"Highridge Landscape Inc.\"},\"image\":{\"@id\":\"https:\/\/highridge.sites1.jaspin.website\/#\/schema\/logo\/image\/\"}}]}<\/script>\n<!-- \/ Yoast SEO plugin. -->","yoast_head_json":{"title":"Instalaci\u00f3n de c\u00e9sped - Highridge Landscape Inc.","robots":{"index":"noindex","follow":"follow","max-snippet":"max-snippet:-1","max-image-preview":"max-image-preview:large","max-video-preview":"max-video-preview:-1"},"og_locale":"es_ES","og_type":"article","og_title":"Instalaci\u00f3n de c\u00e9sped - Highridge Landscape Inc.","og_description":"Precioso c\u00e9sped verde La instalaci\u00f3n de tepes da vida a un paisaje existente. De principio a fin, Highridge Landscape puede proporcionar todo lo necesario para asegurarse de que su instalaci\u00f3n de c\u00e9sped es un \u00e9xito. Nos centramos en variedades de c\u00e9sped resistentes a la sequ\u00eda que soportan un gran desgaste. La instalaci\u00f3n del c\u00e9sped la &hellip; Instalaci\u00f3n de c\u00e9sped Leer m\u00e1s &raquo;","og_url":"https:\/\/highridge.sites1.jaspin.website\/es\/instalacion-de-cesped\/","og_site_name":"Highridge Landscape Inc.","article_modified_time":"2023-07-18T16:47:32+00:00","og_image":[{"width":1043,"height":641,"url":"https:\/\/highridge.sites1.jaspin.website\/wp-content\/uploads\/2023\/05\/IMG_3192-2.jpg","type":"image\/jpeg"}],"twitter_card":"summary_large_image","twitter_misc":{"Tiempo de lectura":"1 minuto"},"schema":{"@context":"https:\/\/schema.org","@graph":[{"@type":"WebPage","@id":"https:\/\/highridge.sites1.jaspin.website\/es\/instalacion-de-cesped\/","url":"https:\/\/highridge.sites1.jaspin.website\/es\/instalacion-de-cesped\/","name":"Instalaci\u00f3n de c\u00e9sped - Highridge Landscape Inc.","isPartOf":{"@id":"https:\/\/highridge.sites1.jaspin.website\/#website"},"primaryImageOfPage":{"@id":"https:\/\/highridge.sites1.jaspin.website\/es\/instalacion-de-cesped\/#primaryimage"},"image":{"@id":"https:\/\/highridge.sites1.jaspin.website\/es\/instalacion-de-cesped\/#primaryimage"},"thumbnailUrl":"https:\/\/highridge.sites1.jaspin.website\/wp-content\/uploads\/2023\/05\/IMG_3192-2.jpg","datePublished":"2023-05-25T16:27:04+00:00","dateModified":"2023-07-18T16:47:32+00:00","breadcrumb":{"@id":"https:\/\/highridge.sites1.jaspin.website\/es\/instalacion-de-cesped\/#breadcrumb"},"inLanguage":"es","potentialAction":[{"@type":"ReadAction","target":["https:\/\/highridge.sites1.jaspin.website\/es\/instalacion-de-cesped\/"]}]},{"@type":"ImageObject","inLanguage":"es","@id":"https:\/\/highridge.sites1.jaspin.website\/es\/instalacion-de-cesped\/#primaryimage","url":"https:\/\/highridge.sites1.jaspin.website\/wp-content\/uploads\/2023\/05\/IMG_3192-2.jpg","contentUrl":"https:\/\/highridge.sites1.jaspin.website\/wp-content\/uploads\/2023\/05\/IMG_3192-2.jpg","width":1043,"height":641},{"@type":"BreadcrumbList","@id":"https:\/\/highridge.sites1.jaspin.website\/es\/instalacion-de-cesped\/#breadcrumb","itemListElement":[{"@type":"ListItem","position":1,"name":"Home","item":"https:\/\/highridge.sites1.jaspin.website\/es\/inicio\/"},{"@type":"ListItem","position":2,"name":"Instalaci\u00f3n de c\u00e9sped"}]},{"@type":"WebSite","@id":"https:\/\/highridge.sites1.jaspin.website\/#website","url":"https:\/\/highridge.sites1.jaspin.website\/","name":"Highridge Landscape Inc.","description":"Just another Template Kits site","publisher":{"@id":"https:\/\/highridge.sites1.jaspin.website\/#organization"},"potentialAction":[{"@type":"SearchAction","target":{"@type":"EntryPoint","urlTemplate":"https:\/\/highridge.sites1.jaspin.website\/?s={search_term_string}"},"query-input":{"@type":"PropertyValueSpecification","valueRequired":true,"valueName":"search_term_string"}}],"inLanguage":"es"},{"@type":"Organization","@id":"https:\/\/highridge.sites1.jaspin.website\/#organization","name":"Highridge Landscape Inc.","url":"https:\/\/highridge.sites1.jaspin.website\/","logo":{"@type":"ImageObject","inLanguage":"es","@id":"https:\/\/highridge.sites1.jaspin.website\/#\/schema\/logo\/image\/","url":"https:\/\/highridge.sites1.jaspin.website\/wp-content\/uploads\/2023\/05\/highridge-landscape-logo-wht-1.png","contentUrl":"https:\/\/highridge.sites1.jaspin.website\/wp-content\/uploads\/2023\/05\/highridge-landscape-logo-wht-1.png","width":900,"height":298,"caption":"Highridge Landscape Inc."},"image":{"@id":"https:\/\/highridge.sites1.jaspin.website\/#\/schema\/logo\/image\/"}}]}},"_links":{"self":[{"href":"https:\/\/highridge.sites1.jaspin.website\/es\/wp-json\/wp\/v2\/pages\/635","targetHints":{"allow":["GET"]}}],"collection":[{"href":"https:\/\/highridge.sites1.jaspin.website\/es\/wp-json\/wp\/v2\/pages"}],"about":[{"href":"https:\/\/highridge.sites1.jaspin.website\/es\/wp-json\/wp\/v2\/types\/page"}],"author":[{"embeddable":true,"href":"https:\/\/highridge.sites1.jaspin.website\/es\/wp-json\/wp\/v2\/users\/1"}],"replies":[{"embeddable":true,"href":"https:\/\/highridge.sites1.jaspin.website\/es\/wp-json\/wp\/v2\/comments?post=635"}],"version-history":[{"count":3,"href":"https:\/\/highridge.sites1.jaspin.website\/es\/wp-json\/wp\/v2\/pages\/635\/revisions"}],"predecessor-version":[{"id":751,"href":"https:\/\/highridge.sites1.jaspin.website\/es\/wp-json\/wp\/v2\/pages\/635\/revisions\/751"}],"wp:featuredmedia":[{"embeddable":true,"href":"https:\/\/highridge.sites1.jaspin.website\/es\/wp-json\/wp\/v2\/media\/598"}],"wp:attachment":[{"href":"https:\/\/highridge.sites1.jaspin.website\/es\/wp-json\/wp\/v2\/media?parent=635"}],"curies":[{"name":"wp","href":"https:\/\/api.w.org\/{rel}","templated":true}]}}