{"id":645,"date":"2023-05-25T16:27:38","date_gmt":"2023-05-25T16:27:38","guid":{"rendered":"https:\/\/highridge.sites1.jaspin.website\/plantacion-de-arboles-y-arbustos\/"},"modified":"2023-07-18T16:09:09","modified_gmt":"2023-07-18T16:09:09","slug":"plantacion-de-arboles-y-arbustos","status":"publish","type":"page","link":"https:\/\/highridge.sites1.jaspin.website\/es\/plantacion-de-arboles-y-arbustos\/","title":{"rendered":"Plantaci\u00f3n de \u00e1rboles y arbustos"},"content":{"rendered":"\t\t<div data-elementor-type=\"wp-page\" data-elementor-id=\"645\" class=\"elementor elementor-645 elementor-174\" data-elementor-post-type=\"page\">\n\t\t\t\t\t\t<section class=\"elementor-section elementor-top-section elementor-element elementor-element-b95cb3c elementor-section-boxed elementor-section-height-default elementor-section-height-default\" data-id=\"b95cb3c\" data-element_type=\"section\">\n\t\t\t\t\t\t<div class=\"elementor-container elementor-column-gap-no\">\n\t\t\t\t\t<div class=\"elementor-column elementor-col-50 elementor-top-column elementor-element elementor-element-bf7e092\" data-id=\"bf7e092\" data-element_type=\"column\" data-settings=\"{&quot;background_background&quot;:&quot;classic&quot;}\">\n\t\t\t<div class=\"elementor-widget-wrap elementor-element-populated\">\n\t\t\t\t\t\t<div class=\"elementor-element elementor-element-6e056ca elementor-widget elementor-widget-global elementor-global-668 elementor-global-502 elementor-widget-spacer\" data-id=\"6e056ca\" data-element_type=\"widget\" data-widget_type=\"spacer.default\">\n\t\t\t\t<div class=\"elementor-widget-container\">\n\t\t\t\t\t\t\t<div class=\"elementor-spacer\">\n\t\t\t<div class=\"elementor-spacer-inner\"><\/div>\n\t\t<\/div>\n\t\t\t\t\t\t<\/div>\n\t\t\t\t<\/div>\n\t\t\t\t\t<\/div>\n\t\t<\/div>\n\t\t\t\t<div class=\"elementor-column elementor-col-50 elementor-top-column elementor-element elementor-element-9042be5\" data-id=\"9042be5\" data-element_type=\"column\" data-settings=\"{&quot;background_background&quot;:&quot;classic&quot;}\">\n\t\t\t<div class=\"elementor-widget-wrap elementor-element-populated\">\n\t\t\t\t\t\t<div class=\"elementor-element elementor-element-1b1d863 elementor-widget elementor-widget-heading\" data-id=\"1b1d863\" data-element_type=\"widget\" data-widget_type=\"heading.default\">\n\t\t\t\t<div class=\"elementor-widget-container\">\n\t\t\t\t\t<h3 class=\"elementor-heading-title elementor-size-default\">Sombra exuberante, decoraci\u00f3n, privacidad y seguridad<\/h3>\t\t\t\t<\/div>\n\t\t\t\t<\/div>\n\t\t\t\t<div class=\"elementor-element elementor-element-759541f elementor-invisible elementor-widget elementor-widget-text-editor\" data-id=\"759541f\" data-element_type=\"widget\" data-settings=\"{&quot;_animation&quot;:&quot;fadeInUp&quot;}\" data-widget_type=\"text-editor.default\">\n\t\t\t\t<div class=\"elementor-widget-container\">\n\t\t\t\t\t\t\t\t\t<p>La plantaci\u00f3n de \u00e1rboles proporciona sombra e intimidad y fortalece el suelo. Los arbustos a\u00f1aden otra capa de vegetaci\u00f3n y cubren el suelo y dan unidad al jard\u00edn. La forma de mezclar estos elementos determina el aspecto de su jard\u00edn. Los \u00e1rboles son la herramienta perfecta para refrescar su propiedad al tiempo que embellecen su jard\u00edn.<\/p>\n<p>Tanto si es propietario de un negocio y quiere hacer m\u00e1s habitable su espacio exterior como si desea pasar m\u00e1s tiempo al aire libre en verano, un poco m\u00e1s de sombra nunca viene mal. Cuando se colocan correctamente, los arbustos pueden hacer que un jard\u00edn parezca m\u00e1s lleno y vibrante. Los arbustos que crecen cerca del suelo proporcionan una forma de cubierta vegetal y son excelentes para llenar espacio.<\/p>\n<p>Los arbustos m\u00e1s grandes pueden proporcionar una barrera adicional entre usted y las propiedades vecinas. Al igual que los \u00e1rboles, los arbustos grandes son fuertes y duraderos, y su forma gruesa y compacta es perfecta para la intimidad y la seguridad.  <\/p>\n\t\t\t\t\t\t\t\t<\/div>\n\t\t\t\t<\/div>\n\t\t\t\t<div class=\"elementor-element elementor-element-df4c5ee elementor-widget elementor-widget-button\" data-id=\"df4c5ee\" data-element_type=\"widget\" data-widget_type=\"button.default\">\n\t\t\t\t<div class=\"elementor-widget-container\">\n\t\t\t\t\t\t\t\t\t<div class=\"elementor-button-wrapper\">\n\t\t\t\t\t<a class=\"elementor-button elementor-button-link elementor-size-sm\" href=\"https:\/\/highridge.sites1.jaspin.website\/contact\/\">\n\t\t\t\t\t\t<span class=\"elementor-button-content-wrapper\">\n\t\t\t\t\t\t\t\t\t<span class=\"elementor-button-text\">P\u00f3ngase en contacto con nosotros<\/span>\n\t\t\t\t\t<\/span>\n\t\t\t\t\t<\/a>\n\t\t\t\t<\/div>\n\t\t\t\t\t\t\t\t<\/div>\n\t\t\t\t<\/div>\n\t\t\t\t\t<\/div>\n\t\t<\/div>\n\t\t\t\t\t<\/div>\n\t\t<\/section>\n\t\t\t\t<section class=\"elementor-section elementor-top-section elementor-element elementor-element-41eda29 elementor-section-full_width elementor-section-height-default elementor-section-height-default\" data-id=\"41eda29\" data-element_type=\"section\">\n\t\t\t\t\t\t<div class=\"elementor-container elementor-column-gap-no\">\n\t\t\t\t\t<div class=\"elementor-column elementor-col-100 elementor-top-column elementor-element elementor-element-e12fca2\" data-id=\"e12fca2\" data-element_type=\"column\">\n\t\t\t<div class=\"elementor-widget-wrap elementor-element-populated\">\n\t\t\t\t\t\t<div class=\"elementor-element elementor-element-24b609d elementor-widget elementor-widget-gallery\" data-id=\"24b609d\" data-element_type=\"widget\" data-settings=\"{&quot;columns&quot;:5,&quot;lazyload&quot;:&quot;yes&quot;,&quot;gallery_layout&quot;:&quot;grid&quot;,&quot;columns_tablet&quot;:2,&quot;columns_mobile&quot;:1,&quot;gap&quot;:{&quot;unit&quot;:&quot;px&quot;,&quot;size&quot;:10,&quot;sizes&quot;:[]},&quot;gap_tablet&quot;:{&quot;unit&quot;:&quot;px&quot;,&quot;size&quot;:10,&quot;sizes&quot;:[]},&quot;gap_mobile&quot;:{&quot;unit&quot;:&quot;px&quot;,&quot;size&quot;:10,&quot;sizes&quot;:[]},&quot;link_to&quot;:&quot;file&quot;,&quot;aspect_ratio&quot;:&quot;3:2&quot;,&quot;overlay_background&quot;:&quot;yes&quot;,&quot;content_hover_animation&quot;:&quot;fade-in&quot;}\" data-widget_type=\"gallery.default\">\n\t\t\t\t<div class=\"elementor-widget-container\">\n\t\t\t\t\t\t\t<div class=\"elementor-gallery__container\">\n\t\t\t\t\t\t\t<a class=\"e-gallery-item elementor-gallery-item elementor-animated-content\" href=\"https:\/\/highridge.sites1.jaspin.website\/wp-content\/uploads\/2023\/05\/1.jpeg\" data-elementor-open-lightbox=\"yes\" data-elementor-lightbox-slideshow=\"24b609d\" data-elementor-lightbox-title=\"1\" data-e-action-hash=\"#elementor-action%3Aaction%3Dlightbox%26settings%3DeyJpZCI6MjQwLCJ1cmwiOiJodHRwczpcL1wvaGlnaHJpZGdlLnNpdGVzMS5qYXNwaW4ud2Vic2l0ZVwvd3AtY29udGVudFwvdXBsb2Fkc1wvMjAyM1wvMDVcLzEuanBlZyIsInNsaWRlc2hvdyI6IjI0YjYwOWQifQ%3D%3D\">\n\t\t\t\t\t<div class=\"e-gallery-image elementor-gallery-item__image\" data-thumbnail=\"https:\/\/highridge.sites1.jaspin.website\/wp-content\/uploads\/2023\/05\/1.jpeg\" data-width=\"1920\" data-height=\"1117\" aria-label=\"\" role=\"img\" ><\/div>\n\t\t\t\t\t\t\t\t\t\t\t<div class=\"elementor-gallery-item__overlay\"><\/div>\n\t\t\t\t\t\t\t\t\t\t\t\t\t\t<\/a>\n\t\t\t\t\t\t\t<a class=\"e-gallery-item elementor-gallery-item elementor-animated-content\" href=\"https:\/\/highridge.sites1.jaspin.website\/wp-content\/uploads\/2023\/05\/2.jpeg\" data-elementor-open-lightbox=\"yes\" data-elementor-lightbox-slideshow=\"24b609d\" data-elementor-lightbox-title=\"2\" data-e-action-hash=\"#elementor-action%3Aaction%3Dlightbox%26settings%3DeyJpZCI6MjQxLCJ1cmwiOiJodHRwczpcL1wvaGlnaHJpZGdlLnNpdGVzMS5qYXNwaW4ud2Vic2l0ZVwvd3AtY29udGVudFwvdXBsb2Fkc1wvMjAyM1wvMDVcLzIuanBlZyIsInNsaWRlc2hvdyI6IjI0YjYwOWQifQ%3D%3D\">\n\t\t\t\t\t<div class=\"e-gallery-image elementor-gallery-item__image\" data-thumbnail=\"https:\/\/highridge.sites1.jaspin.website\/wp-content\/uploads\/2023\/05\/2.jpeg\" data-width=\"480\" data-height=\"640\" aria-label=\"\" role=\"img\" ><\/div>\n\t\t\t\t\t\t\t\t\t\t\t<div class=\"elementor-gallery-item__overlay\"><\/div>\n\t\t\t\t\t\t\t\t\t\t\t\t\t\t<\/a>\n\t\t\t\t\t\t\t<a class=\"e-gallery-item elementor-gallery-item elementor-animated-content\" href=\"https:\/\/highridge.sites1.jaspin.website\/wp-content\/uploads\/2023\/05\/3.jpeg\" data-elementor-open-lightbox=\"yes\" data-elementor-lightbox-slideshow=\"24b609d\" data-elementor-lightbox-title=\"3\" data-e-action-hash=\"#elementor-action%3Aaction%3Dlightbox%26settings%3DeyJpZCI6MjQyLCJ1cmwiOiJodHRwczpcL1wvaGlnaHJpZGdlLnNpdGVzMS5qYXNwaW4ud2Vic2l0ZVwvd3AtY29udGVudFwvdXBsb2Fkc1wvMjAyM1wvMDVcLzMuanBlZyIsInNsaWRlc2hvdyI6IjI0YjYwOWQifQ%3D%3D\">\n\t\t\t\t\t<div class=\"e-gallery-image elementor-gallery-item__image\" data-thumbnail=\"https:\/\/highridge.sites1.jaspin.website\/wp-content\/uploads\/2023\/05\/3.jpeg\" data-width=\"1920\" data-height=\"1280\" aria-label=\"\" role=\"img\" ><\/div>\n\t\t\t\t\t\t\t\t\t\t\t<div class=\"elementor-gallery-item__overlay\"><\/div>\n\t\t\t\t\t\t\t\t\t\t\t\t\t\t<\/a>\n\t\t\t\t\t\t\t<a class=\"e-gallery-item elementor-gallery-item elementor-animated-content\" href=\"https:\/\/highridge.sites1.jaspin.website\/wp-content\/uploads\/2023\/05\/4.jpeg\" data-elementor-open-lightbox=\"yes\" data-elementor-lightbox-slideshow=\"24b609d\" data-elementor-lightbox-title=\"4\" data-e-action-hash=\"#elementor-action%3Aaction%3Dlightbox%26settings%3DeyJpZCI6MjQzLCJ1cmwiOiJodHRwczpcL1wvaGlnaHJpZGdlLnNpdGVzMS5qYXNwaW4ud2Vic2l0ZVwvd3AtY29udGVudFwvdXBsb2Fkc1wvMjAyM1wvMDVcLzQuanBlZyIsInNsaWRlc2hvdyI6IjI0YjYwOWQifQ%3D%3D\">\n\t\t\t\t\t<div class=\"e-gallery-image elementor-gallery-item__image\" data-thumbnail=\"https:\/\/highridge.sites1.jaspin.website\/wp-content\/uploads\/2023\/05\/4.jpeg\" data-width=\"640\" data-height=\"480\" aria-label=\"\" role=\"img\" ><\/div>\n\t\t\t\t\t\t\t\t\t\t\t<div class=\"elementor-gallery-item__overlay\"><\/div>\n\t\t\t\t\t\t\t\t\t\t\t\t\t\t<\/a>\n\t\t\t\t\t\t\t<a class=\"e-gallery-item elementor-gallery-item elementor-animated-content\" href=\"https:\/\/highridge.sites1.jaspin.website\/wp-content\/uploads\/2023\/05\/5.png\" data-elementor-open-lightbox=\"yes\" data-elementor-lightbox-slideshow=\"24b609d\" data-elementor-lightbox-title=\"5\" data-e-action-hash=\"#elementor-action%3Aaction%3Dlightbox%26settings%3DeyJpZCI6MjQ0LCJ1cmwiOiJodHRwczpcL1wvaGlnaHJpZGdlLnNpdGVzMS5qYXNwaW4ud2Vic2l0ZVwvd3AtY29udGVudFwvdXBsb2Fkc1wvMjAyM1wvMDVcLzUucG5nIiwic2xpZGVzaG93IjoiMjRiNjA5ZCJ9\">\n\t\t\t\t\t<div class=\"e-gallery-image elementor-gallery-item__image\" data-thumbnail=\"https:\/\/highridge.sites1.jaspin.website\/wp-content\/uploads\/2023\/05\/5.png\" data-width=\"640\" data-height=\"423\" aria-label=\"\" role=\"img\" ><\/div>\n\t\t\t\t\t\t\t\t\t\t\t<div class=\"elementor-gallery-item__overlay\"><\/div>\n\t\t\t\t\t\t\t\t\t\t\t\t\t\t<\/a>\n\t\t\t\t\t\t\t<a class=\"e-gallery-item elementor-gallery-item elementor-animated-content\" href=\"https:\/\/highridge.sites1.jaspin.website\/wp-content\/uploads\/2023\/05\/6.jpeg\" data-elementor-open-lightbox=\"yes\" data-elementor-lightbox-slideshow=\"24b609d\" data-elementor-lightbox-title=\"6\" data-e-action-hash=\"#elementor-action%3Aaction%3Dlightbox%26settings%3DeyJpZCI6MjQ1LCJ1cmwiOiJodHRwczpcL1wvaGlnaHJpZGdlLnNpdGVzMS5qYXNwaW4ud2Vic2l0ZVwvd3AtY29udGVudFwvdXBsb2Fkc1wvMjAyM1wvMDVcLzYuanBlZyIsInNsaWRlc2hvdyI6IjI0YjYwOWQifQ%3D%3D\">\n\t\t\t\t\t<div class=\"e-gallery-image elementor-gallery-item__image\" data-thumbnail=\"https:\/\/highridge.sites1.jaspin.website\/wp-content\/uploads\/2023\/05\/6.jpeg\" data-width=\"640\" data-height=\"480\" aria-label=\"\" role=\"img\" ><\/div>\n\t\t\t\t\t\t\t\t\t\t\t<div class=\"elementor-gallery-item__overlay\"><\/div>\n\t\t\t\t\t\t\t\t\t\t\t\t\t\t<\/a>\n\t\t\t\t\t\t\t<a class=\"e-gallery-item elementor-gallery-item elementor-animated-content\" href=\"https:\/\/highridge.sites1.jaspin.website\/wp-content\/uploads\/2023\/05\/7.jpeg\" data-elementor-open-lightbox=\"yes\" data-elementor-lightbox-slideshow=\"24b609d\" data-elementor-lightbox-title=\"7\" data-e-action-hash=\"#elementor-action%3Aaction%3Dlightbox%26settings%3DeyJpZCI6MjQ2LCJ1cmwiOiJodHRwczpcL1wvaGlnaHJpZGdlLnNpdGVzMS5qYXNwaW4ud2Vic2l0ZVwvd3AtY29udGVudFwvdXBsb2Fkc1wvMjAyM1wvMDVcLzcuanBlZyIsInNsaWRlc2hvdyI6IjI0YjYwOWQifQ%3D%3D\">\n\t\t\t\t\t<div class=\"e-gallery-image elementor-gallery-item__image\" data-thumbnail=\"https:\/\/highridge.sites1.jaspin.website\/wp-content\/uploads\/2023\/05\/7.jpeg\" data-width=\"640\" data-height=\"480\" aria-label=\"\" role=\"img\" ><\/div>\n\t\t\t\t\t\t\t\t\t\t\t<div class=\"elementor-gallery-item__overlay\"><\/div>\n\t\t\t\t\t\t\t\t\t\t\t\t\t\t<\/a>\n\t\t\t\t\t\t\t<a class=\"e-gallery-item elementor-gallery-item elementor-animated-content\" href=\"https:\/\/highridge.sites1.jaspin.website\/wp-content\/uploads\/2023\/05\/8.jpeg\" data-elementor-open-lightbox=\"yes\" data-elementor-lightbox-slideshow=\"24b609d\" data-elementor-lightbox-title=\"8\" data-e-action-hash=\"#elementor-action%3Aaction%3Dlightbox%26settings%3DeyJpZCI6MjQ3LCJ1cmwiOiJodHRwczpcL1wvaGlnaHJpZGdlLnNpdGVzMS5qYXNwaW4ud2Vic2l0ZVwvd3AtY29udGVudFwvdXBsb2Fkc1wvMjAyM1wvMDVcLzguanBlZyIsInNsaWRlc2hvdyI6IjI0YjYwOWQifQ%3D%3D\">\n\t\t\t\t\t<div class=\"e-gallery-image elementor-gallery-item__image\" data-thumbnail=\"https:\/\/highridge.sites1.jaspin.website\/wp-content\/uploads\/2023\/05\/8.jpeg\" data-width=\"640\" data-height=\"640\" aria-label=\"\" role=\"img\" ><\/div>\n\t\t\t\t\t\t\t\t\t\t\t<div class=\"elementor-gallery-item__overlay\"><\/div>\n\t\t\t\t\t\t\t\t\t\t\t\t\t\t<\/a>\n\t\t\t\t\t\t\t<a class=\"e-gallery-item elementor-gallery-item elementor-animated-content\" href=\"https:\/\/highridge.sites1.jaspin.website\/wp-content\/uploads\/2023\/05\/11.jpeg\" data-elementor-open-lightbox=\"yes\" data-elementor-lightbox-slideshow=\"24b609d\" data-elementor-lightbox-title=\"11\" data-e-action-hash=\"#elementor-action%3Aaction%3Dlightbox%26settings%3DeyJpZCI6MjUwLCJ1cmwiOiJodHRwczpcL1wvaGlnaHJpZGdlLnNpdGVzMS5qYXNwaW4ud2Vic2l0ZVwvd3AtY29udGVudFwvdXBsb2Fkc1wvMjAyM1wvMDVcLzExLmpwZWciLCJzbGlkZXNob3ciOiIyNGI2MDlkIn0%3D\">\n\t\t\t\t\t<div class=\"e-gallery-image elementor-gallery-item__image\" data-thumbnail=\"https:\/\/highridge.sites1.jaspin.website\/wp-content\/uploads\/2023\/05\/11.jpeg\" data-width=\"1920\" data-height=\"1012\" aria-label=\"\" role=\"img\" ><\/div>\n\t\t\t\t\t\t\t\t\t\t\t<div class=\"elementor-gallery-item__overlay\"><\/div>\n\t\t\t\t\t\t\t\t\t\t\t\t\t\t<\/a>\n\t\t\t\t\t\t\t<a class=\"e-gallery-item elementor-gallery-item elementor-animated-content\" href=\"https:\/\/highridge.sites1.jaspin.website\/wp-content\/uploads\/2023\/05\/12.jpeg\" data-elementor-open-lightbox=\"yes\" data-elementor-lightbox-slideshow=\"24b609d\" data-elementor-lightbox-title=\"12\" data-e-action-hash=\"#elementor-action%3Aaction%3Dlightbox%26settings%3DeyJpZCI6MjUxLCJ1cmwiOiJodHRwczpcL1wvaGlnaHJpZGdlLnNpdGVzMS5qYXNwaW4ud2Vic2l0ZVwvd3AtY29udGVudFwvdXBsb2Fkc1wvMjAyM1wvMDVcLzEyLmpwZWciLCJzbGlkZXNob3ciOiIyNGI2MDlkIn0%3D\">\n\t\t\t\t\t<div class=\"e-gallery-image elementor-gallery-item__image\" data-thumbnail=\"https:\/\/highridge.sites1.jaspin.website\/wp-content\/uploads\/2023\/05\/12.jpeg\" data-width=\"480\" data-height=\"640\" aria-label=\"\" role=\"img\" ><\/div>\n\t\t\t\t\t\t\t\t\t\t\t<div class=\"elementor-gallery-item__overlay\"><\/div>\n\t\t\t\t\t\t\t\t\t\t\t\t\t\t<\/a>\n\t\t\t\t\t<\/div>\n\t\t\t\t\t<\/div>\n\t\t\t\t<\/div>\n\t\t\t\t\t<\/div>\n\t\t<\/div>\n\t\t\t\t\t<\/div>\n\t\t<\/section>\n\t\t\t\t<\/div>\n\t\t","protected":false},"excerpt":{"rendered":"<p>Sombra exuberante, decoraci\u00f3n, privacidad y seguridad La plantaci\u00f3n de \u00e1rboles proporciona sombra e intimidad y fortalece el suelo. Los arbustos a\u00f1aden otra capa de vegetaci\u00f3n y cubren el suelo y dan unidad al jard\u00edn. La forma de mezclar estos elementos determina el aspecto de su jard\u00edn. Los \u00e1rboles son la herramienta perfecta para refrescar su &hellip;<\/p>\n<p class=\"read-more\"> <a class=\"\" href=\"https:\/\/highridge.sites1.jaspin.website\/es\/plantacion-de-arboles-y-arbustos\/\"> <span class=\"screen-reader-text\">Plantaci\u00f3n de \u00e1rboles y arbustos<\/span> Leer m\u00e1s &raquo;<\/a><\/p>\n","protected":false},"author":1,"featured_media":576,"parent":0,"menu_order":0,"comment_status":"closed","ping_status":"closed","template":"","meta":{"site-sidebar-layout":"no-sidebar","site-content-layout":"page-builder","ast-global-header-display":"","ast-main-header-display":"","ast-hfb-above-header-display":"","ast-hfb-below-header-display":"","ast-hfb-mobile-header-display":"","site-post-title":"disabled","ast-breadcrumbs-content":"","ast-featured-img":"disabled","footer-sml-layout":"","theme-transparent-header-meta":"","adv-header-id-meta":"","stick-header-meta":"","header-above-stick-meta":"","header-main-stick-meta":"","header-below-stick-meta":"","footnotes":""},"class_list":["post-645","page","type-page","status-publish","has-post-thumbnail","hentry"],"yoast_head":"<!-- This site is optimized with the Yoast SEO plugin v24.2 - https:\/\/yoast.com\/wordpress\/plugins\/seo\/ -->\n<title>Plantaci\u00f3n de \u00e1rboles y arbustos - Highridge Landscape Inc.<\/title>\n<meta name=\"robots\" content=\"noindex, follow, max-snippet:-1, max-image-preview:large, max-video-preview:-1\" \/>\n<meta property=\"og:locale\" content=\"es_ES\" \/>\n<meta property=\"og:type\" content=\"article\" \/>\n<meta property=\"og:title\" content=\"Plantaci\u00f3n de \u00e1rboles y arbustos - Highridge Landscape Inc.\" \/>\n<meta property=\"og:description\" content=\"Sombra exuberante, decoraci\u00f3n, privacidad y seguridad La plantaci\u00f3n de \u00e1rboles proporciona sombra e intimidad y fortalece el suelo. Los arbustos a\u00f1aden otra capa de vegetaci\u00f3n y cubren el suelo y dan unidad al jard\u00edn. La forma de mezclar estos elementos determina el aspecto de su jard\u00edn. Los \u00e1rboles son la herramienta perfecta para refrescar su &hellip; Plantaci\u00f3n de \u00e1rboles y arbustos Leer m\u00e1s &raquo;\" \/>\n<meta property=\"og:url\" content=\"https:\/\/highridge.sites1.jaspin.website\/es\/plantacion-de-arboles-y-arbustos\/\" \/>\n<meta property=\"og:site_name\" content=\"Highridge Landscape Inc.\" \/>\n<meta property=\"article:modified_time\" content=\"2023-07-18T16:09:09+00:00\" \/>\n<meta property=\"og:image\" content=\"https:\/\/highridge.sites1.jaspin.website\/wp-content\/uploads\/2023\/05\/s4h_wvzE-scaled.jpeg\" \/>\n\t<meta property=\"og:image:width\" content=\"2560\" \/>\n\t<meta property=\"og:image:height\" content=\"1707\" \/>\n\t<meta property=\"og:image:type\" content=\"image\/jpeg\" \/>\n<meta name=\"twitter:card\" content=\"summary_large_image\" \/>\n<meta name=\"twitter:label1\" content=\"Tiempo de lectura\" \/>\n\t<meta name=\"twitter:data1\" content=\"1 minuto\" \/>\n<script type=\"application\/ld+json\" class=\"yoast-schema-graph\">{\"@context\":\"https:\/\/schema.org\",\"@graph\":[{\"@type\":\"WebPage\",\"@id\":\"https:\/\/highridge.sites1.jaspin.website\/es\/plantacion-de-arboles-y-arbustos\/\",\"url\":\"https:\/\/highridge.sites1.jaspin.website\/es\/plantacion-de-arboles-y-arbustos\/\",\"name\":\"Plantaci\u00f3n de \u00e1rboles y arbustos - Highridge Landscape Inc.\",\"isPartOf\":{\"@id\":\"https:\/\/highridge.sites1.jaspin.website\/#website\"},\"primaryImageOfPage\":{\"@id\":\"https:\/\/highridge.sites1.jaspin.website\/es\/plantacion-de-arboles-y-arbustos\/#primaryimage\"},\"image\":{\"@id\":\"https:\/\/highridge.sites1.jaspin.website\/es\/plantacion-de-arboles-y-arbustos\/#primaryimage\"},\"thumbnailUrl\":\"https:\/\/highridge.sites1.jaspin.website\/wp-content\/uploads\/2023\/05\/s4h_wvzE-scaled.jpeg\",\"datePublished\":\"2023-05-25T16:27:38+00:00\",\"dateModified\":\"2023-07-18T16:09:09+00:00\",\"breadcrumb\":{\"@id\":\"https:\/\/highridge.sites1.jaspin.website\/es\/plantacion-de-arboles-y-arbustos\/#breadcrumb\"},\"inLanguage\":\"es\",\"potentialAction\":[{\"@type\":\"ReadAction\",\"target\":[\"https:\/\/highridge.sites1.jaspin.website\/es\/plantacion-de-arboles-y-arbustos\/\"]}]},{\"@type\":\"ImageObject\",\"inLanguage\":\"es\",\"@id\":\"https:\/\/highridge.sites1.jaspin.website\/es\/plantacion-de-arboles-y-arbustos\/#primaryimage\",\"url\":\"https:\/\/highridge.sites1.jaspin.website\/wp-content\/uploads\/2023\/05\/s4h_wvzE-scaled.jpeg\",\"contentUrl\":\"https:\/\/highridge.sites1.jaspin.website\/wp-content\/uploads\/2023\/05\/s4h_wvzE-scaled.jpeg\",\"width\":2560,\"height\":1707},{\"@type\":\"BreadcrumbList\",\"@id\":\"https:\/\/highridge.sites1.jaspin.website\/es\/plantacion-de-arboles-y-arbustos\/#breadcrumb\",\"itemListElement\":[{\"@type\":\"ListItem\",\"position\":1,\"name\":\"Home\",\"item\":\"https:\/\/highridge.sites1.jaspin.website\/es\/inicio\/\"},{\"@type\":\"ListItem\",\"position\":2,\"name\":\"Plantaci\u00f3n de \u00e1rboles y arbustos\"}]},{\"@type\":\"WebSite\",\"@id\":\"https:\/\/highridge.sites1.jaspin.website\/#website\",\"url\":\"https:\/\/highridge.sites1.jaspin.website\/\",\"name\":\"Highridge Landscape Inc.\",\"description\":\"Just another Template Kits site\",\"publisher\":{\"@id\":\"https:\/\/highridge.sites1.jaspin.website\/#organization\"},\"potentialAction\":[{\"@type\":\"SearchAction\",\"target\":{\"@type\":\"EntryPoint\",\"urlTemplate\":\"https:\/\/highridge.sites1.jaspin.website\/?s={search_term_string}\"},\"query-input\":{\"@type\":\"PropertyValueSpecification\",\"valueRequired\":true,\"valueName\":\"search_term_string\"}}],\"inLanguage\":\"es\"},{\"@type\":\"Organization\",\"@id\":\"https:\/\/highridge.sites1.jaspin.website\/#organization\",\"name\":\"Highridge Landscape Inc.\",\"url\":\"https:\/\/highridge.sites1.jaspin.website\/\",\"logo\":{\"@type\":\"ImageObject\",\"inLanguage\":\"es\",\"@id\":\"https:\/\/highridge.sites1.jaspin.website\/#\/schema\/logo\/image\/\",\"url\":\"https:\/\/highridge.sites1.jaspin.website\/wp-content\/uploads\/2023\/05\/highridge-landscape-logo-wht-1.png\",\"contentUrl\":\"https:\/\/highridge.sites1.jaspin.website\/wp-content\/uploads\/2023\/05\/highridge-landscape-logo-wht-1.png\",\"width\":900,\"height\":298,\"caption\":\"Highridge Landscape Inc.\"},\"image\":{\"@id\":\"https:\/\/highridge.sites1.jaspin.website\/#\/schema\/logo\/image\/\"}}]}<\/script>\n<!-- \/ Yoast SEO plugin. -->","yoast_head_json":{"title":"Plantaci\u00f3n de \u00e1rboles y arbustos - Highridge Landscape Inc.","robots":{"index":"noindex","follow":"follow","max-snippet":"max-snippet:-1","max-image-preview":"max-image-preview:large","max-video-preview":"max-video-preview:-1"},"og_locale":"es_ES","og_type":"article","og_title":"Plantaci\u00f3n de \u00e1rboles y arbustos - Highridge Landscape Inc.","og_description":"Sombra exuberante, decoraci\u00f3n, privacidad y seguridad La plantaci\u00f3n de \u00e1rboles proporciona sombra e intimidad y fortalece el suelo. Los arbustos a\u00f1aden otra capa de vegetaci\u00f3n y cubren el suelo y dan unidad al jard\u00edn. La forma de mezclar estos elementos determina el aspecto de su jard\u00edn. Los \u00e1rboles son la herramienta perfecta para refrescar su &hellip; Plantaci\u00f3n de \u00e1rboles y arbustos Leer m\u00e1s &raquo;","og_url":"https:\/\/highridge.sites1.jaspin.website\/es\/plantacion-de-arboles-y-arbustos\/","og_site_name":"Highridge Landscape Inc.","article_modified_time":"2023-07-18T16:09:09+00:00","og_image":[{"width":2560,"height":1707,"url":"https:\/\/highridge.sites1.jaspin.website\/wp-content\/uploads\/2023\/05\/s4h_wvzE-scaled.jpeg","type":"image\/jpeg"}],"twitter_card":"summary_large_image","twitter_misc":{"Tiempo de lectura":"1 minuto"},"schema":{"@context":"https:\/\/schema.org","@graph":[{"@type":"WebPage","@id":"https:\/\/highridge.sites1.jaspin.website\/es\/plantacion-de-arboles-y-arbustos\/","url":"https:\/\/highridge.sites1.jaspin.website\/es\/plantacion-de-arboles-y-arbustos\/","name":"Plantaci\u00f3n de \u00e1rboles y arbustos - Highridge Landscape Inc.","isPartOf":{"@id":"https:\/\/highridge.sites1.jaspin.website\/#website"},"primaryImageOfPage":{"@id":"https:\/\/highridge.sites1.jaspin.website\/es\/plantacion-de-arboles-y-arbustos\/#primaryimage"},"image":{"@id":"https:\/\/highridge.sites1.jaspin.website\/es\/plantacion-de-arboles-y-arbustos\/#primaryimage"},"thumbnailUrl":"https:\/\/highridge.sites1.jaspin.website\/wp-content\/uploads\/2023\/05\/s4h_wvzE-scaled.jpeg","datePublished":"2023-05-25T16:27:38+00:00","dateModified":"2023-07-18T16:09:09+00:00","breadcrumb":{"@id":"https:\/\/highridge.sites1.jaspin.website\/es\/plantacion-de-arboles-y-arbustos\/#breadcrumb"},"inLanguage":"es","potentialAction":[{"@type":"ReadAction","target":["https:\/\/highridge.sites1.jaspin.website\/es\/plantacion-de-arboles-y-arbustos\/"]}]},{"@type":"ImageObject","inLanguage":"es","@id":"https:\/\/highridge.sites1.jaspin.website\/es\/plantacion-de-arboles-y-arbustos\/#primaryimage","url":"https:\/\/highridge.sites1.jaspin.website\/wp-content\/uploads\/2023\/05\/s4h_wvzE-scaled.jpeg","contentUrl":"https:\/\/highridge.sites1.jaspin.website\/wp-content\/uploads\/2023\/05\/s4h_wvzE-scaled.jpeg","width":2560,"height":1707},{"@type":"BreadcrumbList","@id":"https:\/\/highridge.sites1.jaspin.website\/es\/plantacion-de-arboles-y-arbustos\/#breadcrumb","itemListElement":[{"@type":"ListItem","position":1,"name":"Home","item":"https:\/\/highridge.sites1.jaspin.website\/es\/inicio\/"},{"@type":"ListItem","position":2,"name":"Plantaci\u00f3n de \u00e1rboles y arbustos"}]},{"@type":"WebSite","@id":"https:\/\/highridge.sites1.jaspin.website\/#website","url":"https:\/\/highridge.sites1.jaspin.website\/","name":"Highridge Landscape Inc.","description":"Just another Template Kits site","publisher":{"@id":"https:\/\/highridge.sites1.jaspin.website\/#organization"},"potentialAction":[{"@type":"SearchAction","target":{"@type":"EntryPoint","urlTemplate":"https:\/\/highridge.sites1.jaspin.website\/?s={search_term_string}"},"query-input":{"@type":"PropertyValueSpecification","valueRequired":true,"valueName":"search_term_string"}}],"inLanguage":"es"},{"@type":"Organization","@id":"https:\/\/highridge.sites1.jaspin.website\/#organization","name":"Highridge Landscape Inc.","url":"https:\/\/highridge.sites1.jaspin.website\/","logo":{"@type":"ImageObject","inLanguage":"es","@id":"https:\/\/highridge.sites1.jaspin.website\/#\/schema\/logo\/image\/","url":"https:\/\/highridge.sites1.jaspin.website\/wp-content\/uploads\/2023\/05\/highridge-landscape-logo-wht-1.png","contentUrl":"https:\/\/highridge.sites1.jaspin.website\/wp-content\/uploads\/2023\/05\/highridge-landscape-logo-wht-1.png","width":900,"height":298,"caption":"Highridge Landscape Inc."},"image":{"@id":"https:\/\/highridge.sites1.jaspin.website\/#\/schema\/logo\/image\/"}}]}},"_links":{"self":[{"href":"https:\/\/highridge.sites1.jaspin.website\/es\/wp-json\/wp\/v2\/pages\/645","targetHints":{"allow":["GET"]}}],"collection":[{"href":"https:\/\/highridge.sites1.jaspin.website\/es\/wp-json\/wp\/v2\/pages"}],"about":[{"href":"https:\/\/highridge.sites1.jaspin.website\/es\/wp-json\/wp\/v2\/types\/page"}],"author":[{"embeddable":true,"href":"https:\/\/highridge.sites1.jaspin.website\/es\/wp-json\/wp\/v2\/users\/1"}],"replies":[{"embeddable":true,"href":"https:\/\/highridge.sites1.jaspin.website\/es\/wp-json\/wp\/v2\/comments?post=645"}],"version-history":[{"count":1,"href":"https:\/\/highridge.sites1.jaspin.website\/es\/wp-json\/wp\/v2\/pages\/645\/revisions"}],"predecessor-version":[{"id":647,"href":"https:\/\/highridge.sites1.jaspin.website\/es\/wp-json\/wp\/v2\/pages\/645\/revisions\/647"}],"wp:featuredmedia":[{"embeddable":true,"href":"https:\/\/highridge.sites1.jaspin.website\/es\/wp-json\/wp\/v2\/media\/576"}],"wp:attachment":[{"href":"https:\/\/highridge.sites1.jaspin.website\/es\/wp-json\/wp\/v2\/media?parent=645"}],"curies":[{"name":"wp","href":"https:\/\/api.w.org\/{rel}","templated":true}]}}